{"id":23330,"date":"2023-10-12T18:03:06","date_gmt":"2023-10-12T23:03:06","guid":{"rendered":"https:\/\/www.compassdatacenters.com\/?page_id=23330"},"modified":"2024-05-22T10:05:14","modified_gmt":"2024-05-22T15:05:14","slug":"noticias","status":"publish","type":"page","link":"https:\/\/www.compassdatacenters.com\/es\/quienes-somos\/noticias\/","title":{"rendered":"Noticias"},"content":{"rendered":"","protected":false},"excerpt":{"rendered":"<p>Restez inform\u00e9(e) avec les derni\u00e8res nouvelles de Compass, y compris notre r\u00e9cente couverture m\u00e9diatique et nos communiqu\u00e9s de presse.<\/p>\n","protected":false},"author":36,"featured_media":28810,"parent":23315,"menu_order":0,"comment_status":"closed","ping_status":"closed","template":"templates\/template-news-events.php","meta":{"_acf_changed":true,"inline_featured_image":false,"footnotes":""},"class_list":["post-23330","page","type-page","status-publish","has-post-thumbnail","hentry"],"acf":[],"yoast_head":"<!-- This site is optimized with the Yoast SEO plugin v27.3 - https:\/\/yoast.com\/product\/yoast-seo-wordpress\/ -->\n<title>Noticias de centros de datos - Compass Datacenters<\/title>\n<meta name=\"description\" content=\"Mant\u00e9ngase al d\u00eda de las publicaciones de noticias, cobertura medi\u00e1tica y eventos sobre los centros de datos de Compass.\" \/>\n<meta name=\"robots\" content=\"index, follow, max-snippet:-1, max-image-preview:large, max-video-preview:-1\" \/>\n<link rel=\"canonical\" href=\"https:\/\/www.compassdatacenters.com\/es\/quienes-somos\/noticias\/\" \/>\n<meta property=\"og:locale\" content=\"es_ES\" \/>\n<meta property=\"og:type\" content=\"article\" \/>\n<meta property=\"og:title\" content=\"Noticias de centros de datos - Compass Datacenters\" \/>\n<meta property=\"og:description\" content=\"Mant\u00e9ngase al d\u00eda de las publicaciones de noticias, cobertura medi\u00e1tica y eventos sobre los centros de datos de Compass.\" \/>\n<meta property=\"og:url\" content=\"https:\/\/www.compassdatacenters.com\/es\/quienes-somos\/noticias\/\" \/>\n<meta property=\"og:site_name\" content=\"Compass Datacenters\" \/>\n<meta property=\"article:publisher\" content=\"https:\/\/www.facebook.com\/CompassDatacenters\" \/>\n<meta property=\"article:modified_time\" content=\"2024-05-22T15:05:14+00:00\" \/>\n<meta property=\"og:image\" content=\"https:\/\/www.compassdatacenters.com\/wp-content\/uploads\/2023\/09\/Compass-News-Hero.jpg\" \/>\n\t<meta property=\"og:image:width\" content=\"1440\" \/>\n\t<meta property=\"og:image:height\" content=\"450\" \/>\n\t<meta property=\"og:image:type\" content=\"image\/jpeg\" \/>\n<meta name=\"twitter:card\" content=\"summary_large_image\" \/>\n<meta name=\"twitter:label1\" content=\"Tiempo de lectura\" \/>\n\t<meta name=\"twitter:data1\" content=\"1 minuto\" \/>\n<script type=\"application\/ld+json\" class=\"yoast-schema-graph\">{\"@context\":\"https:\\\/\\\/schema.org\",\"@graph\":[{\"@type\":\"WebPage\",\"@id\":\"https:\\\/\\\/www.compassdatacenters.com\\\/es\\\/quienes-somos\\\/noticias\\\/\",\"url\":\"https:\\\/\\\/www.compassdatacenters.com\\\/es\\\/quienes-somos\\\/noticias\\\/\",\"name\":\"Noticias de centros de datos - Compass Datacenters\",\"isPartOf\":{\"@id\":\"https:\\\/\\\/www.compassdatacenters.com\\\/#website\"},\"primaryImageOfPage\":{\"@id\":\"https:\\\/\\\/www.compassdatacenters.com\\\/es\\\/quienes-somos\\\/noticias\\\/#primaryimage\"},\"image\":{\"@id\":\"https:\\\/\\\/www.compassdatacenters.com\\\/es\\\/quienes-somos\\\/noticias\\\/#primaryimage\"},\"thumbnailUrl\":\"https:\\\/\\\/www.compassdatacenters.com\\\/wp-content\\\/uploads\\\/2025\\\/10\\\/MM50769-e1760131763692.jpg\",\"datePublished\":\"2023-10-12T23:03:06+00:00\",\"dateModified\":\"2024-05-22T15:05:14+00:00\",\"description\":\"Mant\u00e9ngase al d\u00eda de las publicaciones de noticias, cobertura medi\u00e1tica y eventos sobre los centros de datos de Compass.\",\"breadcrumb\":{\"@id\":\"https:\\\/\\\/www.compassdatacenters.com\\\/es\\\/quienes-somos\\\/noticias\\\/#breadcrumb\"},\"inLanguage\":\"es\",\"potentialAction\":[{\"@type\":\"ReadAction\",\"target\":[\"https:\\\/\\\/www.compassdatacenters.com\\\/es\\\/quienes-somos\\\/noticias\\\/\"]}]},{\"@type\":\"ImageObject\",\"inLanguage\":\"es\",\"@id\":\"https:\\\/\\\/www.compassdatacenters.com\\\/es\\\/quienes-somos\\\/noticias\\\/#primaryimage\",\"url\":\"https:\\\/\\\/www.compassdatacenters.com\\\/wp-content\\\/uploads\\\/2025\\\/10\\\/MM50769-e1760131763692.jpg\",\"contentUrl\":\"https:\\\/\\\/www.compassdatacenters.com\\\/wp-content\\\/uploads\\\/2025\\\/10\\\/MM50769-e1760131763692.jpg\",\"width\":8192,\"height\":5464,\"caption\":\"Chris Crosby\"},{\"@type\":\"BreadcrumbList\",\"@id\":\"https:\\\/\\\/www.compassdatacenters.com\\\/es\\\/quienes-somos\\\/noticias\\\/#breadcrumb\",\"itemListElement\":[{\"@type\":\"ListItem\",\"position\":1,\"name\":\"Inicio\",\"item\":\"https:\\\/\\\/www.compassdatacenters.com\\\/es\\\/\"},{\"@type\":\"ListItem\",\"position\":2,\"name\":\"Qui\u00e9nes Somos\",\"item\":\"https:\\\/\\\/www.compassdatacenters.com\\\/es\\\/quienes-somos\\\/\"},{\"@type\":\"ListItem\",\"position\":3,\"name\":\"Noticias\"}]},{\"@type\":\"WebSite\",\"@id\":\"https:\\\/\\\/www.compassdatacenters.com\\\/#website\",\"url\":\"https:\\\/\\\/www.compassdatacenters.com\\\/\",\"name\":\"Compass Datacenters\",\"description\":\"Data centers done differently\",\"publisher\":{\"@id\":\"https:\\\/\\\/www.compassdatacenters.com\\\/#organization\"},\"potentialAction\":[{\"@type\":\"SearchAction\",\"target\":{\"@type\":\"EntryPoint\",\"urlTemplate\":\"https:\\\/\\\/www.compassdatacenters.com\\\/?s={search_term_string}\"},\"query-input\":{\"@type\":\"PropertyValueSpecification\",\"valueRequired\":true,\"valueName\":\"search_term_string\"}}],\"inLanguage\":\"es\"},{\"@type\":\"Organization\",\"@id\":\"https:\\\/\\\/www.compassdatacenters.com\\\/#organization\",\"name\":\"Compass Datacenters\",\"url\":\"https:\\\/\\\/www.compassdatacenters.com\\\/\",\"logo\":{\"@type\":\"ImageObject\",\"inLanguage\":\"es\",\"@id\":\"https:\\\/\\\/www.compassdatacenters.com\\\/#\\\/schema\\\/logo\\\/image\\\/\",\"url\":\"https:\\\/\\\/www.compassdatacenters.com\\\/wp-content\\\/uploads\\\/2025\\\/01\\\/Brand_Logos_SVG_Primary-Full-Color_01.22.svg\",\"contentUrl\":\"https:\\\/\\\/www.compassdatacenters.com\\\/wp-content\\\/uploads\\\/2025\\\/01\\\/Brand_Logos_SVG_Primary-Full-Color_01.22.svg\",\"width\":\"1200\",\"height\":\"1200\",\"caption\":\"Compass Datacenters\"},\"image\":{\"@id\":\"https:\\\/\\\/www.compassdatacenters.com\\\/#\\\/schema\\\/logo\\\/image\\\/\"},\"sameAs\":[\"https:\\\/\\\/www.facebook.com\\\/CompassDatacenters\"]}]}<\/script>\n<!-- \/ Yoast SEO plugin. -->","yoast_head_json":{"title":"Noticias de centros de datos - Compass Datacenters","description":"Mant\u00e9ngase al d\u00eda de las publicaciones de noticias, cobertura medi\u00e1tica y eventos sobre los centros de datos de Compass.","robots":{"index":"index","follow":"follow","max-snippet":"max-snippet:-1","max-image-preview":"max-image-preview:large","max-video-preview":"max-video-preview:-1"},"canonical":"https:\/\/www.compassdatacenters.com\/es\/quienes-somos\/noticias\/","og_locale":"es_ES","og_type":"article","og_title":"Noticias de centros de datos - Compass Datacenters","og_description":"Mant\u00e9ngase al d\u00eda de las publicaciones de noticias, cobertura medi\u00e1tica y eventos sobre los centros de datos de Compass.","og_url":"https:\/\/www.compassdatacenters.com\/es\/quienes-somos\/noticias\/","og_site_name":"Compass Datacenters","article_publisher":"https:\/\/www.facebook.com\/CompassDatacenters","article_modified_time":"2024-05-22T15:05:14+00:00","og_image":[{"width":1440,"height":450,"url":"https:\/\/www.compassdatacenters.com\/wp-content\/uploads\/2023\/09\/Compass-News-Hero.jpg","type":"image\/jpeg"}],"twitter_card":"summary_large_image","twitter_misc":{"Tiempo de lectura":"1 minuto"},"schema":{"@context":"https:\/\/schema.org","@graph":[{"@type":"WebPage","@id":"https:\/\/www.compassdatacenters.com\/es\/quienes-somos\/noticias\/","url":"https:\/\/www.compassdatacenters.com\/es\/quienes-somos\/noticias\/","name":"Noticias de centros de datos - Compass Datacenters","isPartOf":{"@id":"https:\/\/www.compassdatacenters.com\/#website"},"primaryImageOfPage":{"@id":"https:\/\/www.compassdatacenters.com\/es\/quienes-somos\/noticias\/#primaryimage"},"image":{"@id":"https:\/\/www.compassdatacenters.com\/es\/quienes-somos\/noticias\/#primaryimage"},"thumbnailUrl":"https:\/\/www.compassdatacenters.com\/wp-content\/uploads\/2025\/10\/MM50769-e1760131763692.jpg","datePublished":"2023-10-12T23:03:06+00:00","dateModified":"2024-05-22T15:05:14+00:00","description":"Mant\u00e9ngase al d\u00eda de las publicaciones de noticias, cobertura medi\u00e1tica y eventos sobre los centros de datos de Compass.","breadcrumb":{"@id":"https:\/\/www.compassdatacenters.com\/es\/quienes-somos\/noticias\/#breadcrumb"},"inLanguage":"es","potentialAction":[{"@type":"ReadAction","target":["https:\/\/www.compassdatacenters.com\/es\/quienes-somos\/noticias\/"]}]},{"@type":"ImageObject","inLanguage":"es","@id":"https:\/\/www.compassdatacenters.com\/es\/quienes-somos\/noticias\/#primaryimage","url":"https:\/\/www.compassdatacenters.com\/wp-content\/uploads\/2025\/10\/MM50769-e1760131763692.jpg","contentUrl":"https:\/\/www.compassdatacenters.com\/wp-content\/uploads\/2025\/10\/MM50769-e1760131763692.jpg","width":8192,"height":5464,"caption":"Chris Crosby"},{"@type":"BreadcrumbList","@id":"https:\/\/www.compassdatacenters.com\/es\/quienes-somos\/noticias\/#breadcrumb","itemListElement":[{"@type":"ListItem","position":1,"name":"Inicio","item":"https:\/\/www.compassdatacenters.com\/es\/"},{"@type":"ListItem","position":2,"name":"Qui\u00e9nes Somos","item":"https:\/\/www.compassdatacenters.com\/es\/quienes-somos\/"},{"@type":"ListItem","position":3,"name":"Noticias"}]},{"@type":"WebSite","@id":"https:\/\/www.compassdatacenters.com\/#website","url":"https:\/\/www.compassdatacenters.com\/","name":"Compass Datacenters","description":"Data centers done differently","publisher":{"@id":"https:\/\/www.compassdatacenters.com\/#organization"},"potentialAction":[{"@type":"SearchAction","target":{"@type":"EntryPoint","urlTemplate":"https:\/\/www.compassdatacenters.com\/?s={search_term_string}"},"query-input":{"@type":"PropertyValueSpecification","valueRequired":true,"valueName":"search_term_string"}}],"inLanguage":"es"},{"@type":"Organization","@id":"https:\/\/www.compassdatacenters.com\/#organization","name":"Compass Datacenters","url":"https:\/\/www.compassdatacenters.com\/","logo":{"@type":"ImageObject","inLanguage":"es","@id":"https:\/\/www.compassdatacenters.com\/#\/schema\/logo\/image\/","url":"https:\/\/www.compassdatacenters.com\/wp-content\/uploads\/2025\/01\/Brand_Logos_SVG_Primary-Full-Color_01.22.svg","contentUrl":"https:\/\/www.compassdatacenters.com\/wp-content\/uploads\/2025\/01\/Brand_Logos_SVG_Primary-Full-Color_01.22.svg","width":"1200","height":"1200","caption":"Compass Datacenters"},"image":{"@id":"https:\/\/www.compassdatacenters.com\/#\/schema\/logo\/image\/"},"sameAs":["https:\/\/www.facebook.com\/CompassDatacenters"]}]}},"_links":{"self":[{"href":"https:\/\/www.compassdatacenters.com\/es\/wp-json\/wp\/v2\/pages\/23330","targetHints":{"allow":["GET"]}}],"collection":[{"href":"https:\/\/www.compassdatacenters.com\/es\/wp-json\/wp\/v2\/pages"}],"about":[{"href":"https:\/\/www.compassdatacenters.com\/es\/wp-json\/wp\/v2\/types\/page"}],"author":[{"embeddable":true,"href":"https:\/\/www.compassdatacenters.com\/es\/wp-json\/wp\/v2\/users\/36"}],"replies":[{"embeddable":true,"href":"https:\/\/www.compassdatacenters.com\/es\/wp-json\/wp\/v2\/comments?post=23330"}],"version-history":[{"count":0,"href":"https:\/\/www.compassdatacenters.com\/es\/wp-json\/wp\/v2\/pages\/23330\/revisions"}],"up":[{"embeddable":true,"href":"https:\/\/www.compassdatacenters.com\/es\/wp-json\/wp\/v2\/pages\/23315"}],"wp:featuredmedia":[{"embeddable":true,"href":"https:\/\/www.compassdatacenters.com\/es\/wp-json\/wp\/v2\/media\/28810"}],"wp:attachment":[{"href":"https:\/\/www.compassdatacenters.com\/es\/wp-json\/wp\/v2\/media?parent=23330"}],"curies":[{"name":"wp","href":"https:\/\/api.w.org\/{rel}","templated":true}]}}