{"id":23116,"date":"2023-10-11T13:51:59","date_gmt":"2023-10-11T18:51:59","guid":{"rendered":"https:\/\/www.compassdatacenters.com\/?page_id=23116"},"modified":"2024-01-09T09:35:04","modified_gmt":"2024-01-09T15:35:04","slug":"quantum","status":"publish","type":"page","link":"https:\/\/www.compassdatacenters.com\/fr\/conception\/quantum\/","title":{"rendered":"Quantum"},"content":{"rendered":"\n<div\n    class=\"compass-block hero is-style-small alignfull\"\n  style=\"--overlay-opacity: ;\"\n>\n  <p id=\"breadcrumbs\"><span><span><a href=\"https:\/\/www.compassdatacenters.com\/fr\/\">Accueil<\/a><\/span><\/span><\/p>  <div class=\"acf-innerblocks-container\">\n<div class=\"group-basic hero__content\">\n<div class=\"group-basic hero__heading\">\n\n<h1 class=\"wp-block-heading\">Quantum<\/h1>\n\n<\/div>\n\n<div class=\"group-basic hero__description\">\n\n<p>Le White Space as a Service (WSaaS) vous permet d\u2019augmenter rapidement votre capacit\u00e9 \u00e0 distance ou en p\u00e9riph\u00e9rie sans contrainte sur vos d\u00e9penses d\u2019investissement.<\/p>\n\n<\/div>\n<\/div>\n\n\n<div class=\"hero__media hover\">\n\t<img loading=\"lazy\" decoding=\"async\" width=\"1440\" height=\"450\" src=\"https:\/\/www.compassdatacenters.com\/wp-content\/uploads\/2023\/08\/Design-Quantum-Hero.jpg\" class=\"media__image\" alt=\"Deux paquets de centres de donn\u00e9es Quantum White Space as a Service\" srcset=\"https:\/\/www.compassdatacenters.com\/wp-content\/uploads\/2023\/08\/Design-Quantum-Hero.jpg 1440w, https:\/\/www.compassdatacenters.com\/wp-content\/uploads\/2023\/08\/Design-Quantum-Hero-800x250.jpg 800w, https:\/\/www.compassdatacenters.com\/wp-content\/uploads\/2023\/08\/Design-Quantum-Hero-1200x375.jpg 1200w, https:\/\/www.compassdatacenters.com\/wp-content\/uploads\/2023\/08\/Design-Quantum-Hero-768x240.jpg 768w\" sizes=\"auto, (max-width: 1440px) 100vw, 1440px\" \/><\/div>\n<\/div>\n<\/div>\n\n\n<div\n\t \n  class=\"compass-block group group--heading alignnone\"\n>\n\t<div class=\"acf-innerblocks-container\">\n<div class=\"group-spacer-container\">\n\n<h3 class=\"wp-block-heading has-text-align-center\">Fonctionnalit\u00e9s compl\u00e8tes d\u2019un centre de donn\u00e9es dans un format r\u00e9duit<\/h3>\n\n\n\n<p class=\"has-text-align-center\">Chaque centre de donn\u00e9es modulaire Quantum de 100&nbsp;kW peut prendre en charge jusqu\u2019\u00e0 12&nbsp;racks de taille normale avec toutes les fonctionnalit\u00e9s d\u2019un centre de donn\u00e9es. Quantum est financi\u00e8rement structur\u00e9 de mani\u00e8re \u00e0 ne pas avoir besoin de capitaux d\u2019entreprise, ce qui permet aux clients d\u2019acc\u00e9der \u00e0 la capacit\u00e9 sans d\u00e9lai.<\/p>\n\n<\/div>\n<\/div>\n<\/div>\n\n\n\n<div\n   \n  class=\"compass-block col-layout alignfull col-layout--4\"\n>\n  <div class=\"col-layout__grid-container\">\n\n<div class=\"col-item col-item--small\">\n<div class=\"group-basic col-item__media\">\n\n<img loading=\"lazy\" decoding=\"async\" width=\"323\" height=\"265\" src=\"https:\/\/www.compassdatacenters.com\/wp-content\/uploads\/2023\/08\/Design-Quantum-4col-1.jpg\" class=\"basic-block basic-image\" alt=\"Graphique abstrait avec un cube blanc et orange\" \/>\n<\/div>\n\n<div class=\"group-basic col-item__content\">\n<div class=\"group-basic col-item__description\">\n\n<h4 class=\"wp-block-heading\">Un service tout-en-un<\/h4>\n\n\n\n<p>Service tout-en-un de Quantum&nbsp;: s\u00e9lection du site, d\u00e9veloppement, obtention des autorisations locales, installation et surveillance du site.<\/p>\n\n<\/div>\n<\/div>\n<\/div>\n\n\n<div class=\"col-item col-item--small\">\n<div class=\"group-basic col-item__media\">\n\n<img loading=\"lazy\" decoding=\"async\" width=\"323\" height=\"265\" src=\"https:\/\/www.compassdatacenters.com\/wp-content\/uploads\/2023\/08\/Design-Quantum-4col-2.jpg\" class=\"basic-block basic-image\" alt=\"Graphique abstrait avec un vortex blanc et orange\" \/>\n<\/div>\n\n<div class=\"group-basic col-item__content\">\n<div class=\"group-basic col-item__description\">\n\n<h4 class=\"wp-block-heading\">Solide et durable<\/h4>\n\n\n\n<p>\u00a0Log\u00e9e dans une coque en composite durcie, chaque unit\u00e9 est produite \u00e0 l\u2019aide d\u2019un processus de fabrication \u00e0 \u00e9missions r\u00e9duites de gaz \u00e0 effet de serre.<\/p>\n\n<\/div>\n<\/div>\n<\/div>\n\n\n<div class=\"col-item col-item--small\">\n<div class=\"group-basic col-item__media\">\n\n<img loading=\"lazy\" decoding=\"async\" width=\"323\" height=\"265\" src=\"https:\/\/www.compassdatacenters.com\/wp-content\/uploads\/2023\/08\/Design-Quantum-4col-3.jpg\" class=\"basic-block basic-image\" alt=\"Graphique abstrait avec trois carr\u00e9s blancs et un carr\u00e9 orange qui se chevauchent\" \/>\n<\/div>\n\n<div class=\"group-basic col-item__content\">\n<div class=\"group-basic col-item__description\">\n\n<h4 class=\"wp-block-heading\">Flexible<\/h4>\n\n\n\n<p>Chaque centre de donn\u00e9es Quantum peut s\u2019agrandir en fonction des besoins et des exigences sp\u00e9cifiques du site, avec la possibilit\u00e9 de prendre en charge jusqu\u2019\u00e0 12&nbsp;racks de taille normale.<\/p>\n\n<\/div>\n<\/div>\n<\/div>\n\n\n<div class=\"col-item col-item--small\">\n<div class=\"group-basic col-item__media\">\n\n<img loading=\"lazy\" decoding=\"async\" width=\"323\" height=\"265\" src=\"https:\/\/www.compassdatacenters.com\/wp-content\/uploads\/2023\/08\/Design-Quantum-4col-4.jpg\" class=\"basic-block basic-image\" alt=\"An abstract graphic of 3 white and 1 orange overlapping tilted squares\" \/>\n<\/div>\n\n<div class=\"group-basic col-item__content\">\n<div class=\"group-basic col-item__description\">\n\n<h4 class=\"wp-block-heading\">D\u00e9ploiement rapide<\/h4>\n\n\n\n<p>Comme chaque unit\u00e9 Quantum est personnalis\u00e9e en masse, nous pouvons rapidement concevoir, construire et d\u00e9ployer votre module en quelques mois.<\/p>\n\n<\/div>\n<\/div>\n<\/div>\n<\/div>\n<\/div>\n\n\n<div\n   \n  class=\"compass-block cta-banner alignfull has-grey-background-color\"\n>\n  <div class=\"cta-banner__content\">\n<div class=\"group-basic cta-banner__header\">\n\n<h3 class=\"wp-block-heading\">De la capacit\u00e9 l\u00e0 o\u00f9 vous en avez besoin, quand vous en avez besoin<br><\/h3>\n\n<\/div>\n\n<div class=\"group-basic cta-banner__description\">\n\n<p>Discutons de la mani\u00e8re dont Quantum peut r\u00e9pondre \u00e0 vos besoins.<\/p>\n\n\n\n\n<a \n   \n  class=\"btn is-style-solid-icon is-style-solid-icon\"\n  href=\"https:\/\/www.compassdatacenters.com\/fr\/a-propos\/nous-contacter\/\" \n  target=\"_self\"\n>\n  <span>Nous contacter<\/span>\n<\/a>\n<\/div>\n<\/div>\n<\/div>","protected":false},"excerpt":{"rendered":"","protected":false},"author":36,"featured_media":0,"parent":23094,"menu_order":0,"comment_status":"closed","ping_status":"closed","template":"","meta":{"_acf_changed":false,"inline_featured_image":false,"footnotes":""},"class_list":["post-23116","page","type-page","status-publish","hentry"],"acf":[],"yoast_head":"<!-- This site is optimized with the Yoast SEO plugin v27.5 - https:\/\/yoast.com\/product\/yoast-seo-wordpress\/ -->\n<title>Centre de donn\u00e9es Quantum \u2013 Compass Datacenters<\/title>\n<meta name=\"description\" content=\"D\u00e9couvrez notre centre de donn\u00e9es Quantum White Space as Service (WSaaS) qui vous permet d\u2019augmenter rapidement votre capacit\u00e9 et sans contrainte sur vos d\u00e9penses d\u2019investissement.\" \/>\n<meta name=\"robots\" content=\"index, follow, max-snippet:-1, max-image-preview:large, max-video-preview:-1\" \/>\n<link rel=\"canonical\" href=\"https:\/\/www.compassdatacenters.com\/fr\/conception\/quantum\/\" \/>\n<meta property=\"og:locale\" content=\"fr_FR\" \/>\n<meta property=\"og:type\" content=\"article\" \/>\n<meta property=\"og:title\" content=\"Centre de donn\u00e9es Quantum \u2013 Compass Datacenters\" \/>\n<meta property=\"og:description\" content=\"D\u00e9couvrez notre centre de donn\u00e9es Quantum White Space as Service (WSaaS) qui vous permet d\u2019augmenter rapidement votre capacit\u00e9 et sans contrainte sur vos d\u00e9penses d\u2019investissement.\" \/>\n<meta property=\"og:url\" content=\"https:\/\/www.compassdatacenters.com\/fr\/conception\/quantum\/\" \/>\n<meta property=\"og:site_name\" content=\"Compass Datacenters\" \/>\n<meta property=\"article:publisher\" content=\"https:\/\/www.facebook.com\/CompassDatacenters\" \/>\n<meta property=\"article:modified_time\" content=\"2024-01-09T15:35:04+00:00\" \/>\n<meta name=\"twitter:card\" content=\"summary_large_image\" \/>\n<meta name=\"twitter:label1\" content=\"Dur\u00e9e de lecture estim\u00e9e\" \/>\n\t<meta name=\"twitter:data1\" content=\"1 minute\" \/>\n<script type=\"application\/ld+json\" class=\"yoast-schema-graph\">{\"@context\":\"https:\\\/\\\/schema.org\",\"@graph\":[{\"@type\":\"WebPage\",\"@id\":\"https:\\\/\\\/www.compassdatacenters.com\\\/fr\\\/conception\\\/quantum\\\/\",\"url\":\"https:\\\/\\\/www.compassdatacenters.com\\\/fr\\\/conception\\\/quantum\\\/\",\"name\":\"Centre de donn\u00e9es Quantum \u2013 Compass Datacenters\",\"isPartOf\":{\"@id\":\"https:\\\/\\\/www.compassdatacenters.com\\\/#website\"},\"datePublished\":\"2023-10-11T18:51:59+00:00\",\"dateModified\":\"2024-01-09T15:35:04+00:00\",\"description\":\"D\u00e9couvrez notre centre de donn\u00e9es Quantum White Space as Service (WSaaS) qui vous permet d\u2019augmenter rapidement votre capacit\u00e9 et sans contrainte sur vos d\u00e9penses d\u2019investissement.\",\"breadcrumb\":{\"@id\":\"https:\\\/\\\/www.compassdatacenters.com\\\/fr\\\/conception\\\/quantum\\\/#breadcrumb\"},\"inLanguage\":\"fr-FR\",\"potentialAction\":[{\"@type\":\"ReadAction\",\"target\":[\"https:\\\/\\\/www.compassdatacenters.com\\\/fr\\\/conception\\\/quantum\\\/\"]}]},{\"@type\":\"BreadcrumbList\",\"@id\":\"https:\\\/\\\/www.compassdatacenters.com\\\/fr\\\/conception\\\/quantum\\\/#breadcrumb\",\"itemListElement\":[{\"@type\":\"ListItem\",\"position\":1,\"name\":\"Accueil\",\"item\":\"https:\\\/\\\/www.compassdatacenters.com\\\/fr\\\/\"},{\"@type\":\"ListItem\",\"position\":2,\"name\":\"Conception\",\"item\":\"https:\\\/\\\/www.compassdatacenters.com\\\/fr\\\/conception\\\/\"},{\"@type\":\"ListItem\",\"position\":3,\"name\":\"Quantum\"}]},{\"@type\":\"WebSite\",\"@id\":\"https:\\\/\\\/www.compassdatacenters.com\\\/#website\",\"url\":\"https:\\\/\\\/www.compassdatacenters.com\\\/\",\"name\":\"Compass Datacenters\",\"description\":\"From the Core to the Edge\",\"publisher\":{\"@id\":\"https:\\\/\\\/www.compassdatacenters.com\\\/#organization\"},\"potentialAction\":[{\"@type\":\"SearchAction\",\"target\":{\"@type\":\"EntryPoint\",\"urlTemplate\":\"https:\\\/\\\/www.compassdatacenters.com\\\/?s={search_term_string}\"},\"query-input\":{\"@type\":\"PropertyValueSpecification\",\"valueRequired\":true,\"valueName\":\"search_term_string\"}}],\"inLanguage\":\"fr-FR\"},{\"@type\":\"Organization\",\"@id\":\"https:\\\/\\\/www.compassdatacenters.com\\\/#organization\",\"name\":\"Compass Datacenters\",\"url\":\"https:\\\/\\\/www.compassdatacenters.com\\\/\",\"logo\":{\"@type\":\"ImageObject\",\"inLanguage\":\"fr-FR\",\"@id\":\"https:\\\/\\\/www.compassdatacenters.com\\\/#\\\/schema\\\/logo\\\/image\\\/\",\"url\":\"https:\\\/\\\/www.compassdatacenters.com\\\/wp-content\\\/uploads\\\/2025\\\/01\\\/Brand_Logos_SVG_Primary-Full-Color_01.22.svg\",\"contentUrl\":\"https:\\\/\\\/www.compassdatacenters.com\\\/wp-content\\\/uploads\\\/2025\\\/01\\\/Brand_Logos_SVG_Primary-Full-Color_01.22.svg\",\"width\":\"1200\",\"height\":\"1200\",\"caption\":\"Compass Datacenters\"},\"image\":{\"@id\":\"https:\\\/\\\/www.compassdatacenters.com\\\/#\\\/schema\\\/logo\\\/image\\\/\"},\"sameAs\":[\"https:\\\/\\\/www.facebook.com\\\/CompassDatacenters\"]}]}<\/script>\n<!-- \/ Yoast SEO plugin. -->","yoast_head_json":{"title":"Centre de donn\u00e9es Quantum \u2013 Compass Datacenters","description":"D\u00e9couvrez notre centre de donn\u00e9es Quantum White Space as Service (WSaaS) qui vous permet d\u2019augmenter rapidement votre capacit\u00e9 et sans contrainte sur vos d\u00e9penses d\u2019investissement.","robots":{"index":"index","follow":"follow","max-snippet":"max-snippet:-1","max-image-preview":"max-image-preview:large","max-video-preview":"max-video-preview:-1"},"canonical":"https:\/\/www.compassdatacenters.com\/fr\/conception\/quantum\/","og_locale":"fr_FR","og_type":"article","og_title":"Centre de donn\u00e9es Quantum \u2013 Compass Datacenters","og_description":"D\u00e9couvrez notre centre de donn\u00e9es Quantum White Space as Service (WSaaS) qui vous permet d\u2019augmenter rapidement votre capacit\u00e9 et sans contrainte sur vos d\u00e9penses d\u2019investissement.","og_url":"https:\/\/www.compassdatacenters.com\/fr\/conception\/quantum\/","og_site_name":"Compass Datacenters","article_publisher":"https:\/\/www.facebook.com\/CompassDatacenters","article_modified_time":"2024-01-09T15:35:04+00:00","twitter_card":"summary_large_image","twitter_misc":{"Dur\u00e9e de lecture estim\u00e9e":"1 minute"},"schema":{"@context":"https:\/\/schema.org","@graph":[{"@type":"WebPage","@id":"https:\/\/www.compassdatacenters.com\/fr\/conception\/quantum\/","url":"https:\/\/www.compassdatacenters.com\/fr\/conception\/quantum\/","name":"Centre de donn\u00e9es Quantum \u2013 Compass Datacenters","isPartOf":{"@id":"https:\/\/www.compassdatacenters.com\/#website"},"datePublished":"2023-10-11T18:51:59+00:00","dateModified":"2024-01-09T15:35:04+00:00","description":"D\u00e9couvrez notre centre de donn\u00e9es Quantum White Space as Service (WSaaS) qui vous permet d\u2019augmenter rapidement votre capacit\u00e9 et sans contrainte sur vos d\u00e9penses d\u2019investissement.","breadcrumb":{"@id":"https:\/\/www.compassdatacenters.com\/fr\/conception\/quantum\/#breadcrumb"},"inLanguage":"fr-FR","potentialAction":[{"@type":"ReadAction","target":["https:\/\/www.compassdatacenters.com\/fr\/conception\/quantum\/"]}]},{"@type":"BreadcrumbList","@id":"https:\/\/www.compassdatacenters.com\/fr\/conception\/quantum\/#breadcrumb","itemListElement":[{"@type":"ListItem","position":1,"name":"Accueil","item":"https:\/\/www.compassdatacenters.com\/fr\/"},{"@type":"ListItem","position":2,"name":"Conception","item":"https:\/\/www.compassdatacenters.com\/fr\/conception\/"},{"@type":"ListItem","position":3,"name":"Quantum"}]},{"@type":"WebSite","@id":"https:\/\/www.compassdatacenters.com\/#website","url":"https:\/\/www.compassdatacenters.com\/","name":"Compass Datacenters","description":"From the Core to the Edge","publisher":{"@id":"https:\/\/www.compassdatacenters.com\/#organization"},"potentialAction":[{"@type":"SearchAction","target":{"@type":"EntryPoint","urlTemplate":"https:\/\/www.compassdatacenters.com\/?s={search_term_string}"},"query-input":{"@type":"PropertyValueSpecification","valueRequired":true,"valueName":"search_term_string"}}],"inLanguage":"fr-FR"},{"@type":"Organization","@id":"https:\/\/www.compassdatacenters.com\/#organization","name":"Compass Datacenters","url":"https:\/\/www.compassdatacenters.com\/","logo":{"@type":"ImageObject","inLanguage":"fr-FR","@id":"https:\/\/www.compassdatacenters.com\/#\/schema\/logo\/image\/","url":"https:\/\/www.compassdatacenters.com\/wp-content\/uploads\/2025\/01\/Brand_Logos_SVG_Primary-Full-Color_01.22.svg","contentUrl":"https:\/\/www.compassdatacenters.com\/wp-content\/uploads\/2025\/01\/Brand_Logos_SVG_Primary-Full-Color_01.22.svg","width":"1200","height":"1200","caption":"Compass Datacenters"},"image":{"@id":"https:\/\/www.compassdatacenters.com\/#\/schema\/logo\/image\/"},"sameAs":["https:\/\/www.facebook.com\/CompassDatacenters"]}]}},"_links":{"self":[{"href":"https:\/\/www.compassdatacenters.com\/fr\/wp-json\/wp\/v2\/pages\/23116","targetHints":{"allow":["GET"]}}],"collection":[{"href":"https:\/\/www.compassdatacenters.com\/fr\/wp-json\/wp\/v2\/pages"}],"about":[{"href":"https:\/\/www.compassdatacenters.com\/fr\/wp-json\/wp\/v2\/types\/page"}],"author":[{"embeddable":true,"href":"https:\/\/www.compassdatacenters.com\/fr\/wp-json\/wp\/v2\/users\/36"}],"replies":[{"embeddable":true,"href":"https:\/\/www.compassdatacenters.com\/fr\/wp-json\/wp\/v2\/comments?post=23116"}],"version-history":[{"count":0,"href":"https:\/\/www.compassdatacenters.com\/fr\/wp-json\/wp\/v2\/pages\/23116\/revisions"}],"up":[{"embeddable":true,"href":"https:\/\/www.compassdatacenters.com\/fr\/wp-json\/wp\/v2\/pages\/23094"}],"wp:attachment":[{"href":"https:\/\/www.compassdatacenters.com\/fr\/wp-json\/wp\/v2\/media?parent=23116"}],"curies":[{"name":"wp","href":"https:\/\/api.w.org\/{rel}","templated":true}]}}