{"id":23134,"date":"2023-10-11T14:16:54","date_gmt":"2023-10-11T19:16:54","guid":{"rendered":"https:\/\/www.compassdatacenters.com\/?page_id=23134"},"modified":"2023-10-23T17:30:06","modified_gmt":"2023-10-23T22:30:06","slug":"virginie-du-nord","status":"publish","type":"page","link":"https:\/\/www.compassdatacenters.com\/fr\/marches\/amerique-du-nord\/virginie-du-nord\/","title":{"rendered":"Virginie du Nord"},"content":{"rendered":"\n<div\n    class=\"compass-block hero is-style-small alignfull\"\n  style=\"--overlay-opacity: ;\"\n>\n  <p id=\"breadcrumbs\"><span><span><a href=\"https:\/\/www.compassdatacenters.com\/fr\/\">Accueil<\/a><\/span><\/span><\/p>  <div class=\"acf-innerblocks-container\">\n<div class=\"group-basic hero__content\">\n<div class=\"group-basic hero__heading\">\n\n<h1 class=\"wp-block-heading\">Virginie du Nord<\/h1>\n\n<\/div>\n\n<div class=\"group-basic hero__description\">\n\n<p>Compass offre une capacit\u00e9 existante, avec des plans d\u2019expansion, dans la \u00ab&nbsp;capitale mondiale des centres de donn\u00e9es&nbsp;\u00bb<\/p>\n\n<\/div>\n<\/div>\n\n\n<div class=\"hero__media hover\">\n\t<img loading=\"lazy\" decoding=\"async\" width=\"1440\" height=\"450\" src=\"https:\/\/www.compassdatacenters.com\/wp-content\/uploads\/2023\/08\/Markets-NorthAmerica-Northern-Virginia-Hero.jpg\" class=\"media__image\" alt=\"Vue a\u00e9rienne du centre-ville de Leesburg, en Virginie\" srcset=\"https:\/\/www.compassdatacenters.com\/wp-content\/uploads\/2023\/08\/Markets-NorthAmerica-Northern-Virginia-Hero.jpg 1440w, https:\/\/www.compassdatacenters.com\/wp-content\/uploads\/2023\/08\/Markets-NorthAmerica-Northern-Virginia-Hero-800x250.jpg 800w, https:\/\/www.compassdatacenters.com\/wp-content\/uploads\/2023\/08\/Markets-NorthAmerica-Northern-Virginia-Hero-1200x375.jpg 1200w, https:\/\/www.compassdatacenters.com\/wp-content\/uploads\/2023\/08\/Markets-NorthAmerica-Northern-Virginia-Hero-768x240.jpg 768w\" sizes=\"auto, (max-width: 1440px) 100vw, 1440px\" \/><\/div>\n<\/div>\n<\/div>\n\n<div\n\t \n\t\tclass=\"compass-block editorial-a alignfull\"\n>\n\t<div class=\"acf-innerblocks-container\">\n<div class=\"group-basic editorial-a__header\">\n\n<h3 class=\"wp-block-heading\">79&nbsp;MW et plus encore\u2026<\/h3>\n\n<\/div>\n\n<div class=\"group-basic editorial-a__border\"><\/div>\n\n<div class=\"group-basic editorial-a__body\">\n\n<div class=\"editorial-a__media hover\">\n\t<img loading=\"lazy\" decoding=\"async\" width=\"705\" height=\"639\" src=\"https:\/\/www.compassdatacenters.com\/wp-content\/uploads\/2023\/08\/Compass-Markets-North-America-Virginia-5050-A.jpg\" class=\"media__image\" alt=\"Ligne d\u2019horizon de la campagne de Virginie du Nord\" \/><\/div>\n\n<div class=\"group-basic editorial-a__content\">\n\n<p>La Virginie du Nord est un march\u00e9 essentiel pour la communaut\u00e9 hyperscale. Les plans d\u2019expansion de Compass pour la r\u00e9gion comprennent plusieurs campus pour compl\u00e9ter site actuel de 79&nbsp;MW \u00e0 Loudoun.<\/p>\n\n<\/div>\n<\/div>\n<\/div>\n<\/div>\n","protected":false},"excerpt":{"rendered":"","protected":false},"author":36,"featured_media":0,"parent":23122,"menu_order":0,"comment_status":"closed","ping_status":"closed","template":"","meta":{"_acf_changed":false,"inline_featured_image":false,"footnotes":""},"class_list":["post-23134","page","type-page","status-publish","hentry"],"acf":[],"yoast_head":"<!-- This site is optimized with the Yoast SEO plugin v27.4 - https:\/\/yoast.com\/product\/yoast-seo-wordpress\/ -->\n<title>Centre de donn\u00e9es en Virginie du Nord \u2013 Compass Datacenters<\/title>\n<meta name=\"description\" content=\"Sur le plus grand march\u00e9 am\u00e9ricain des centres de donn\u00e9es, les campus des centres de donn\u00e9es de Compass en Virginie du Nord offrent 250 MW. En savoir plus !\" \/>\n<meta name=\"robots\" content=\"index, follow, max-snippet:-1, max-image-preview:large, max-video-preview:-1\" \/>\n<link rel=\"canonical\" href=\"https:\/\/www.compassdatacenters.com\/fr\/marches\/amerique-du-nord\/virginie-du-nord\/\" \/>\n<meta property=\"og:locale\" content=\"fr_FR\" \/>\n<meta property=\"og:type\" content=\"article\" \/>\n<meta property=\"og:title\" content=\"Centre de donn\u00e9es en Virginie du Nord \u2013 Compass Datacenters\" \/>\n<meta property=\"og:description\" content=\"Sur le plus grand march\u00e9 am\u00e9ricain des centres de donn\u00e9es, les campus des centres de donn\u00e9es de Compass en Virginie du Nord offrent 250 MW. En savoir plus !\" \/>\n<meta property=\"og:url\" content=\"https:\/\/www.compassdatacenters.com\/fr\/marches\/amerique-du-nord\/virginie-du-nord\/\" \/>\n<meta property=\"og:site_name\" content=\"Compass Datacenters\" \/>\n<meta property=\"article:publisher\" content=\"https:\/\/www.facebook.com\/CompassDatacenters\" \/>\n<meta property=\"article:modified_time\" content=\"2023-10-23T22:30:06+00:00\" \/>\n<meta name=\"twitter:card\" content=\"summary_large_image\" \/>\n<meta name=\"twitter:label1\" content=\"Dur\u00e9e de lecture estim\u00e9e\" \/>\n\t<meta name=\"twitter:data1\" content=\"1 minute\" \/>\n<script type=\"application\/ld+json\" class=\"yoast-schema-graph\">{\"@context\":\"https:\\\/\\\/schema.org\",\"@graph\":[{\"@type\":\"WebPage\",\"@id\":\"https:\\\/\\\/www.compassdatacenters.com\\\/fr\\\/marches\\\/amerique-du-nord\\\/virginie-du-nord\\\/\",\"url\":\"https:\\\/\\\/www.compassdatacenters.com\\\/fr\\\/marches\\\/amerique-du-nord\\\/virginie-du-nord\\\/\",\"name\":\"Centre de donn\u00e9es en Virginie du Nord \u2013 Compass Datacenters\",\"isPartOf\":{\"@id\":\"https:\\\/\\\/www.compassdatacenters.com\\\/#website\"},\"datePublished\":\"2023-10-11T19:16:54+00:00\",\"dateModified\":\"2023-10-23T22:30:06+00:00\",\"description\":\"Sur le plus grand march\u00e9 am\u00e9ricain des centres de donn\u00e9es, les campus des centres de donn\u00e9es de Compass en Virginie du Nord offrent 250 MW. En savoir plus !\",\"breadcrumb\":{\"@id\":\"https:\\\/\\\/www.compassdatacenters.com\\\/fr\\\/marches\\\/amerique-du-nord\\\/virginie-du-nord\\\/#breadcrumb\"},\"inLanguage\":\"fr-FR\",\"potentialAction\":[{\"@type\":\"ReadAction\",\"target\":[\"https:\\\/\\\/www.compassdatacenters.com\\\/fr\\\/marches\\\/amerique-du-nord\\\/virginie-du-nord\\\/\"]}]},{\"@type\":\"BreadcrumbList\",\"@id\":\"https:\\\/\\\/www.compassdatacenters.com\\\/fr\\\/marches\\\/amerique-du-nord\\\/virginie-du-nord\\\/#breadcrumb\",\"itemListElement\":[{\"@type\":\"ListItem\",\"position\":1,\"name\":\"Accueil\",\"item\":\"https:\\\/\\\/www.compassdatacenters.com\\\/fr\\\/\"},{\"@type\":\"ListItem\",\"position\":2,\"name\":\"March\u00e9s\",\"item\":\"https:\\\/\\\/www.compassdatacenters.com\\\/fr\\\/marches\\\/\"},{\"@type\":\"ListItem\",\"position\":3,\"name\":\"Am\u00e9rique du Nord\",\"item\":\"https:\\\/\\\/www.compassdatacenters.com\\\/fr\\\/marches\\\/amerique-du-nord\\\/\"},{\"@type\":\"ListItem\",\"position\":4,\"name\":\"Virginie du Nord\"}]},{\"@type\":\"WebSite\",\"@id\":\"https:\\\/\\\/www.compassdatacenters.com\\\/#website\",\"url\":\"https:\\\/\\\/www.compassdatacenters.com\\\/\",\"name\":\"Compass Datacenters\",\"description\":\"From the Core to the Edge\",\"publisher\":{\"@id\":\"https:\\\/\\\/www.compassdatacenters.com\\\/#organization\"},\"potentialAction\":[{\"@type\":\"SearchAction\",\"target\":{\"@type\":\"EntryPoint\",\"urlTemplate\":\"https:\\\/\\\/www.compassdatacenters.com\\\/?s={search_term_string}\"},\"query-input\":{\"@type\":\"PropertyValueSpecification\",\"valueRequired\":true,\"valueName\":\"search_term_string\"}}],\"inLanguage\":\"fr-FR\"},{\"@type\":\"Organization\",\"@id\":\"https:\\\/\\\/www.compassdatacenters.com\\\/#organization\",\"name\":\"Compass Datacenters\",\"url\":\"https:\\\/\\\/www.compassdatacenters.com\\\/\",\"logo\":{\"@type\":\"ImageObject\",\"inLanguage\":\"fr-FR\",\"@id\":\"https:\\\/\\\/www.compassdatacenters.com\\\/#\\\/schema\\\/logo\\\/image\\\/\",\"url\":\"https:\\\/\\\/www.compassdatacenters.com\\\/wp-content\\\/uploads\\\/2025\\\/01\\\/Brand_Logos_SVG_Primary-Full-Color_01.22.svg\",\"contentUrl\":\"https:\\\/\\\/www.compassdatacenters.com\\\/wp-content\\\/uploads\\\/2025\\\/01\\\/Brand_Logos_SVG_Primary-Full-Color_01.22.svg\",\"width\":\"1200\",\"height\":\"1200\",\"caption\":\"Compass Datacenters\"},\"image\":{\"@id\":\"https:\\\/\\\/www.compassdatacenters.com\\\/#\\\/schema\\\/logo\\\/image\\\/\"},\"sameAs\":[\"https:\\\/\\\/www.facebook.com\\\/CompassDatacenters\"]}]}<\/script>\n<!-- \/ Yoast SEO plugin. -->","yoast_head_json":{"title":"Centre de donn\u00e9es en Virginie du Nord \u2013 Compass Datacenters","description":"Sur le plus grand march\u00e9 am\u00e9ricain des centres de donn\u00e9es, les campus des centres de donn\u00e9es de Compass en Virginie du Nord offrent 250 MW. En savoir plus !","robots":{"index":"index","follow":"follow","max-snippet":"max-snippet:-1","max-image-preview":"max-image-preview:large","max-video-preview":"max-video-preview:-1"},"canonical":"https:\/\/www.compassdatacenters.com\/fr\/marches\/amerique-du-nord\/virginie-du-nord\/","og_locale":"fr_FR","og_type":"article","og_title":"Centre de donn\u00e9es en Virginie du Nord \u2013 Compass Datacenters","og_description":"Sur le plus grand march\u00e9 am\u00e9ricain des centres de donn\u00e9es, les campus des centres de donn\u00e9es de Compass en Virginie du Nord offrent 250 MW. En savoir plus !","og_url":"https:\/\/www.compassdatacenters.com\/fr\/marches\/amerique-du-nord\/virginie-du-nord\/","og_site_name":"Compass Datacenters","article_publisher":"https:\/\/www.facebook.com\/CompassDatacenters","article_modified_time":"2023-10-23T22:30:06+00:00","twitter_card":"summary_large_image","twitter_misc":{"Dur\u00e9e de lecture estim\u00e9e":"1 minute"},"schema":{"@context":"https:\/\/schema.org","@graph":[{"@type":"WebPage","@id":"https:\/\/www.compassdatacenters.com\/fr\/marches\/amerique-du-nord\/virginie-du-nord\/","url":"https:\/\/www.compassdatacenters.com\/fr\/marches\/amerique-du-nord\/virginie-du-nord\/","name":"Centre de donn\u00e9es en Virginie du Nord \u2013 Compass Datacenters","isPartOf":{"@id":"https:\/\/www.compassdatacenters.com\/#website"},"datePublished":"2023-10-11T19:16:54+00:00","dateModified":"2023-10-23T22:30:06+00:00","description":"Sur le plus grand march\u00e9 am\u00e9ricain des centres de donn\u00e9es, les campus des centres de donn\u00e9es de Compass en Virginie du Nord offrent 250 MW. En savoir plus !","breadcrumb":{"@id":"https:\/\/www.compassdatacenters.com\/fr\/marches\/amerique-du-nord\/virginie-du-nord\/#breadcrumb"},"inLanguage":"fr-FR","potentialAction":[{"@type":"ReadAction","target":["https:\/\/www.compassdatacenters.com\/fr\/marches\/amerique-du-nord\/virginie-du-nord\/"]}]},{"@type":"BreadcrumbList","@id":"https:\/\/www.compassdatacenters.com\/fr\/marches\/amerique-du-nord\/virginie-du-nord\/#breadcrumb","itemListElement":[{"@type":"ListItem","position":1,"name":"Accueil","item":"https:\/\/www.compassdatacenters.com\/fr\/"},{"@type":"ListItem","position":2,"name":"March\u00e9s","item":"https:\/\/www.compassdatacenters.com\/fr\/marches\/"},{"@type":"ListItem","position":3,"name":"Am\u00e9rique du Nord","item":"https:\/\/www.compassdatacenters.com\/fr\/marches\/amerique-du-nord\/"},{"@type":"ListItem","position":4,"name":"Virginie du Nord"}]},{"@type":"WebSite","@id":"https:\/\/www.compassdatacenters.com\/#website","url":"https:\/\/www.compassdatacenters.com\/","name":"Compass Datacenters","description":"From the Core to the Edge","publisher":{"@id":"https:\/\/www.compassdatacenters.com\/#organization"},"potentialAction":[{"@type":"SearchAction","target":{"@type":"EntryPoint","urlTemplate":"https:\/\/www.compassdatacenters.com\/?s={search_term_string}"},"query-input":{"@type":"PropertyValueSpecification","valueRequired":true,"valueName":"search_term_string"}}],"inLanguage":"fr-FR"},{"@type":"Organization","@id":"https:\/\/www.compassdatacenters.com\/#organization","name":"Compass Datacenters","url":"https:\/\/www.compassdatacenters.com\/","logo":{"@type":"ImageObject","inLanguage":"fr-FR","@id":"https:\/\/www.compassdatacenters.com\/#\/schema\/logo\/image\/","url":"https:\/\/www.compassdatacenters.com\/wp-content\/uploads\/2025\/01\/Brand_Logos_SVG_Primary-Full-Color_01.22.svg","contentUrl":"https:\/\/www.compassdatacenters.com\/wp-content\/uploads\/2025\/01\/Brand_Logos_SVG_Primary-Full-Color_01.22.svg","width":"1200","height":"1200","caption":"Compass Datacenters"},"image":{"@id":"https:\/\/www.compassdatacenters.com\/#\/schema\/logo\/image\/"},"sameAs":["https:\/\/www.facebook.com\/CompassDatacenters"]}]}},"_links":{"self":[{"href":"https:\/\/www.compassdatacenters.com\/fr\/wp-json\/wp\/v2\/pages\/23134","targetHints":{"allow":["GET"]}}],"collection":[{"href":"https:\/\/www.compassdatacenters.com\/fr\/wp-json\/wp\/v2\/pages"}],"about":[{"href":"https:\/\/www.compassdatacenters.com\/fr\/wp-json\/wp\/v2\/types\/page"}],"author":[{"embeddable":true,"href":"https:\/\/www.compassdatacenters.com\/fr\/wp-json\/wp\/v2\/users\/36"}],"replies":[{"embeddable":true,"href":"https:\/\/www.compassdatacenters.com\/fr\/wp-json\/wp\/v2\/comments?post=23134"}],"version-history":[{"count":0,"href":"https:\/\/www.compassdatacenters.com\/fr\/wp-json\/wp\/v2\/pages\/23134\/revisions"}],"up":[{"embeddable":true,"href":"https:\/\/www.compassdatacenters.com\/fr\/wp-json\/wp\/v2\/pages\/23122"}],"wp:attachment":[{"href":"https:\/\/www.compassdatacenters.com\/fr\/wp-json\/wp\/v2\/media?parent=23134"}],"curies":[{"name":"wp","href":"https:\/\/api.w.org\/{rel}","templated":true}]}}