{"id":23225,"date":"2023-10-12T15:31:46","date_gmt":"2023-10-12T20:31:46","guid":{"rendered":"https:\/\/www.compassdatacenters.com\/?page_id=23225"},"modified":"2023-10-16T20:01:05","modified_gmt":"2023-10-17T01:01:05","slug":"toronto","status":"publish","type":"page","link":"https:\/\/www.compassdatacenters.com\/it\/mercati\/nord-america\/toronto\/","title":{"rendered":"Toronto"},"content":{"rendered":"\n<div\n    class=\"compass-block hero is-style-small alignfull\"\n  style=\"--overlay-opacity: ;\"\n>\n  <p id=\"breadcrumbs\"><span><span><a href=\"https:\/\/www.compassdatacenters.com\/it\/\">Home<\/a><\/span><\/span><\/p>  <div class=\"acf-innerblocks-container\">\n<div class=\"group-basic hero__content\">\n<div class=\"group-basic hero__heading\">\n\n<h1 class=\"wp-block-heading\">Toronto<\/h1>\n\n<\/div>\n\n<div class=\"group-basic hero__description\">\n\n<p>Fornendo 52 MW di capacit\u00e0 alla pi\u00f9 grande citt\u00e0 canadese.<\/p>\n\n<\/div>\n<\/div>\n\n\n<div class=\"hero__media hover\">\n\t<img loading=\"lazy\" decoding=\"async\" width=\"1440\" height=\"450\" src=\"https:\/\/www.compassdatacenters.com\/wp-content\/uploads\/2023\/08\/Compass-Markets-NorthAmerica-Toronto-Hero.jpg\" class=\"media__image\" alt=\"Vista aerea di Toronto\" srcset=\"https:\/\/www.compassdatacenters.com\/wp-content\/uploads\/2023\/08\/Compass-Markets-NorthAmerica-Toronto-Hero.jpg 1440w, https:\/\/www.compassdatacenters.com\/wp-content\/uploads\/2023\/08\/Compass-Markets-NorthAmerica-Toronto-Hero-800x250.jpg 800w, https:\/\/www.compassdatacenters.com\/wp-content\/uploads\/2023\/08\/Compass-Markets-NorthAmerica-Toronto-Hero-1200x375.jpg 1200w, https:\/\/www.compassdatacenters.com\/wp-content\/uploads\/2023\/08\/Compass-Markets-NorthAmerica-Toronto-Hero-768x240.jpg 768w\" sizes=\"auto, (max-width: 1440px) 100vw, 1440px\" \/><\/div>\n<\/div>\n<\/div>\n\n<div\n\t \n\t\tclass=\"compass-block editorial-a alignfull\"\n>\n\t<div class=\"acf-innerblocks-container\">\n<div class=\"group-basic editorial-a__header\">\n\n<h3 class=\"wp-block-heading\">Costruire un\u2019infrastruttura digitale per il mercato canadese.<\/h3>\n\n<\/div>\n\n<div class=\"group-basic editorial-a__border\"><\/div>\n\n<div class=\"group-basic editorial-a__body\">\n\n<div class=\"editorial-a__media hover\">\n\t<img loading=\"lazy\" decoding=\"async\" width=\"705\" height=\"639\" src=\"https:\/\/www.compassdatacenters.com\/wp-content\/uploads\/2023\/08\/Compass-Markets-NorthAmerica-Toronto-5050-A.jpg\" class=\"media__image\" alt=\"Un tram in marcia\" \/><\/div>\n\n<div class=\"group-basic editorial-a__content\">\n\n<p>La centralit\u00e0 di Toronto nell\u2019economia canadese e la solida infrastruttura telematica ne fanno un obiettivo di espansione futura dove puntiamo a superare i 52 MW ora offerti dai nostri due campus.<\/p>\n\n<\/div>\n<\/div>\n<\/div>\n<\/div>\n","protected":false},"excerpt":{"rendered":"","protected":false},"author":36,"featured_media":0,"parent":23215,"menu_order":0,"comment_status":"closed","ping_status":"closed","template":"","meta":{"_acf_changed":false,"inline_featured_image":false,"footnotes":""},"class_list":["post-23225","page","type-page","status-publish","hentry"],"acf":[],"yoast_head":"<!-- This site is optimized with the Yoast SEO plugin v27.4 - https:\/\/yoast.com\/product\/yoast-seo-wordpress\/ -->\n<title>Data center di Toronto - Compass Datacenters<\/title>\n<meta name=\"description\" content=\"Il data center Compass di Toronto offre 52 MW forniti dai nostri due campus locali. Per saperne di pi\u00f9!\" \/>\n<meta name=\"robots\" content=\"index, follow, max-snippet:-1, max-image-preview:large, max-video-preview:-1\" \/>\n<link rel=\"canonical\" href=\"https:\/\/www.compassdatacenters.com\/it\/mercati\/nord-america\/toronto\/\" \/>\n<meta property=\"og:locale\" content=\"it_IT\" \/>\n<meta property=\"og:type\" content=\"article\" \/>\n<meta property=\"og:title\" content=\"Data center di Toronto - Compass Datacenters\" \/>\n<meta property=\"og:description\" content=\"Il data center Compass di Toronto offre 52 MW forniti dai nostri due campus locali. Per saperne di pi\u00f9!\" \/>\n<meta property=\"og:url\" content=\"https:\/\/www.compassdatacenters.com\/it\/mercati\/nord-america\/toronto\/\" \/>\n<meta property=\"og:site_name\" content=\"Compass Datacenters\" \/>\n<meta property=\"article:publisher\" content=\"https:\/\/www.facebook.com\/CompassDatacenters\" \/>\n<meta property=\"article:modified_time\" content=\"2023-10-17T01:01:05+00:00\" \/>\n<meta name=\"twitter:card\" content=\"summary_large_image\" \/>\n<meta name=\"twitter:label1\" content=\"Tempo di lettura stimato\" \/>\n\t<meta name=\"twitter:data1\" content=\"1 minuto\" \/>\n<script type=\"application\/ld+json\" class=\"yoast-schema-graph\">{\"@context\":\"https:\\\/\\\/schema.org\",\"@graph\":[{\"@type\":\"WebPage\",\"@id\":\"https:\\\/\\\/www.compassdatacenters.com\\\/it\\\/mercati\\\/nord-america\\\/toronto\\\/\",\"url\":\"https:\\\/\\\/www.compassdatacenters.com\\\/it\\\/mercati\\\/nord-america\\\/toronto\\\/\",\"name\":\"Data center di Toronto - Compass Datacenters\",\"isPartOf\":{\"@id\":\"https:\\\/\\\/www.compassdatacenters.com\\\/#website\"},\"datePublished\":\"2023-10-12T20:31:46+00:00\",\"dateModified\":\"2023-10-17T01:01:05+00:00\",\"description\":\"Il data center Compass di Toronto offre 52 MW forniti dai nostri due campus locali. Per saperne di pi\u00f9!\",\"breadcrumb\":{\"@id\":\"https:\\\/\\\/www.compassdatacenters.com\\\/it\\\/mercati\\\/nord-america\\\/toronto\\\/#breadcrumb\"},\"inLanguage\":\"it-IT\",\"potentialAction\":[{\"@type\":\"ReadAction\",\"target\":[\"https:\\\/\\\/www.compassdatacenters.com\\\/it\\\/mercati\\\/nord-america\\\/toronto\\\/\"]}]},{\"@type\":\"BreadcrumbList\",\"@id\":\"https:\\\/\\\/www.compassdatacenters.com\\\/it\\\/mercati\\\/nord-america\\\/toronto\\\/#breadcrumb\",\"itemListElement\":[{\"@type\":\"ListItem\",\"position\":1,\"name\":\"Home\",\"item\":\"https:\\\/\\\/www.compassdatacenters.com\\\/it\\\/\"},{\"@type\":\"ListItem\",\"position\":2,\"name\":\"Mercati\",\"item\":\"https:\\\/\\\/www.compassdatacenters.com\\\/it\\\/mercati\\\/\"},{\"@type\":\"ListItem\",\"position\":3,\"name\":\"Nord America\",\"item\":\"https:\\\/\\\/www.compassdatacenters.com\\\/it\\\/mercati\\\/nord-america\\\/\"},{\"@type\":\"ListItem\",\"position\":4,\"name\":\"Toronto\"}]},{\"@type\":\"WebSite\",\"@id\":\"https:\\\/\\\/www.compassdatacenters.com\\\/#website\",\"url\":\"https:\\\/\\\/www.compassdatacenters.com\\\/\",\"name\":\"Compass Datacenters\",\"description\":\"Data centers done differently\",\"publisher\":{\"@id\":\"https:\\\/\\\/www.compassdatacenters.com\\\/#organization\"},\"potentialAction\":[{\"@type\":\"SearchAction\",\"target\":{\"@type\":\"EntryPoint\",\"urlTemplate\":\"https:\\\/\\\/www.compassdatacenters.com\\\/?s={search_term_string}\"},\"query-input\":{\"@type\":\"PropertyValueSpecification\",\"valueRequired\":true,\"valueName\":\"search_term_string\"}}],\"inLanguage\":\"it-IT\"},{\"@type\":\"Organization\",\"@id\":\"https:\\\/\\\/www.compassdatacenters.com\\\/#organization\",\"name\":\"Compass Datacenters\",\"url\":\"https:\\\/\\\/www.compassdatacenters.com\\\/\",\"logo\":{\"@type\":\"ImageObject\",\"inLanguage\":\"it-IT\",\"@id\":\"https:\\\/\\\/www.compassdatacenters.com\\\/#\\\/schema\\\/logo\\\/image\\\/\",\"url\":\"https:\\\/\\\/www.compassdatacenters.com\\\/wp-content\\\/uploads\\\/2025\\\/01\\\/Brand_Logos_SVG_Primary-Full-Color_01.22.svg\",\"contentUrl\":\"https:\\\/\\\/www.compassdatacenters.com\\\/wp-content\\\/uploads\\\/2025\\\/01\\\/Brand_Logos_SVG_Primary-Full-Color_01.22.svg\",\"width\":\"1200\",\"height\":\"1200\",\"caption\":\"Compass Datacenters\"},\"image\":{\"@id\":\"https:\\\/\\\/www.compassdatacenters.com\\\/#\\\/schema\\\/logo\\\/image\\\/\"},\"sameAs\":[\"https:\\\/\\\/www.facebook.com\\\/CompassDatacenters\"]}]}<\/script>\n<!-- \/ Yoast SEO plugin. -->","yoast_head_json":{"title":"Data center di Toronto - Compass Datacenters","description":"Il data center Compass di Toronto offre 52 MW forniti dai nostri due campus locali. Per saperne di pi\u00f9!","robots":{"index":"index","follow":"follow","max-snippet":"max-snippet:-1","max-image-preview":"max-image-preview:large","max-video-preview":"max-video-preview:-1"},"canonical":"https:\/\/www.compassdatacenters.com\/it\/mercati\/nord-america\/toronto\/","og_locale":"it_IT","og_type":"article","og_title":"Data center di Toronto - Compass Datacenters","og_description":"Il data center Compass di Toronto offre 52 MW forniti dai nostri due campus locali. Per saperne di pi\u00f9!","og_url":"https:\/\/www.compassdatacenters.com\/it\/mercati\/nord-america\/toronto\/","og_site_name":"Compass Datacenters","article_publisher":"https:\/\/www.facebook.com\/CompassDatacenters","article_modified_time":"2023-10-17T01:01:05+00:00","twitter_card":"summary_large_image","twitter_misc":{"Tempo di lettura stimato":"1 minuto"},"schema":{"@context":"https:\/\/schema.org","@graph":[{"@type":"WebPage","@id":"https:\/\/www.compassdatacenters.com\/it\/mercati\/nord-america\/toronto\/","url":"https:\/\/www.compassdatacenters.com\/it\/mercati\/nord-america\/toronto\/","name":"Data center di Toronto - Compass Datacenters","isPartOf":{"@id":"https:\/\/www.compassdatacenters.com\/#website"},"datePublished":"2023-10-12T20:31:46+00:00","dateModified":"2023-10-17T01:01:05+00:00","description":"Il data center Compass di Toronto offre 52 MW forniti dai nostri due campus locali. Per saperne di pi\u00f9!","breadcrumb":{"@id":"https:\/\/www.compassdatacenters.com\/it\/mercati\/nord-america\/toronto\/#breadcrumb"},"inLanguage":"it-IT","potentialAction":[{"@type":"ReadAction","target":["https:\/\/www.compassdatacenters.com\/it\/mercati\/nord-america\/toronto\/"]}]},{"@type":"BreadcrumbList","@id":"https:\/\/www.compassdatacenters.com\/it\/mercati\/nord-america\/toronto\/#breadcrumb","itemListElement":[{"@type":"ListItem","position":1,"name":"Home","item":"https:\/\/www.compassdatacenters.com\/it\/"},{"@type":"ListItem","position":2,"name":"Mercati","item":"https:\/\/www.compassdatacenters.com\/it\/mercati\/"},{"@type":"ListItem","position":3,"name":"Nord America","item":"https:\/\/www.compassdatacenters.com\/it\/mercati\/nord-america\/"},{"@type":"ListItem","position":4,"name":"Toronto"}]},{"@type":"WebSite","@id":"https:\/\/www.compassdatacenters.com\/#website","url":"https:\/\/www.compassdatacenters.com\/","name":"Compass Datacenters","description":"Data centers done differently","publisher":{"@id":"https:\/\/www.compassdatacenters.com\/#organization"},"potentialAction":[{"@type":"SearchAction","target":{"@type":"EntryPoint","urlTemplate":"https:\/\/www.compassdatacenters.com\/?s={search_term_string}"},"query-input":{"@type":"PropertyValueSpecification","valueRequired":true,"valueName":"search_term_string"}}],"inLanguage":"it-IT"},{"@type":"Organization","@id":"https:\/\/www.compassdatacenters.com\/#organization","name":"Compass Datacenters","url":"https:\/\/www.compassdatacenters.com\/","logo":{"@type":"ImageObject","inLanguage":"it-IT","@id":"https:\/\/www.compassdatacenters.com\/#\/schema\/logo\/image\/","url":"https:\/\/www.compassdatacenters.com\/wp-content\/uploads\/2025\/01\/Brand_Logos_SVG_Primary-Full-Color_01.22.svg","contentUrl":"https:\/\/www.compassdatacenters.com\/wp-content\/uploads\/2025\/01\/Brand_Logos_SVG_Primary-Full-Color_01.22.svg","width":"1200","height":"1200","caption":"Compass Datacenters"},"image":{"@id":"https:\/\/www.compassdatacenters.com\/#\/schema\/logo\/image\/"},"sameAs":["https:\/\/www.facebook.com\/CompassDatacenters"]}]}},"_links":{"self":[{"href":"https:\/\/www.compassdatacenters.com\/it\/wp-json\/wp\/v2\/pages\/23225","targetHints":{"allow":["GET"]}}],"collection":[{"href":"https:\/\/www.compassdatacenters.com\/it\/wp-json\/wp\/v2\/pages"}],"about":[{"href":"https:\/\/www.compassdatacenters.com\/it\/wp-json\/wp\/v2\/types\/page"}],"author":[{"embeddable":true,"href":"https:\/\/www.compassdatacenters.com\/it\/wp-json\/wp\/v2\/users\/36"}],"replies":[{"embeddable":true,"href":"https:\/\/www.compassdatacenters.com\/it\/wp-json\/wp\/v2\/comments?post=23225"}],"version-history":[{"count":0,"href":"https:\/\/www.compassdatacenters.com\/it\/wp-json\/wp\/v2\/pages\/23225\/revisions"}],"up":[{"embeddable":true,"href":"https:\/\/www.compassdatacenters.com\/it\/wp-json\/wp\/v2\/pages\/23215"}],"wp:attachment":[{"href":"https:\/\/www.compassdatacenters.com\/it\/wp-json\/wp\/v2\/media?parent=23225"}],"curies":[{"name":"wp","href":"https:\/\/api.w.org\/{rel}","templated":true}]}}